{"id":127,"date":"2023-06-06T15:50:00","date_gmt":"2023-06-06T13:50:00","guid":{"rendered":"https:\/\/sexologie-humaniste.fr\/?page_id=127"},"modified":"2023-06-06T15:50:13","modified_gmt":"2023-06-06T13:50:13","slug":"mentions-legales","status":"publish","type":"page","link":"https:\/\/sexologie-humaniste.fr\/?page_id=127","title":{"rendered":"Mentions l\u00e9gales"},"content":{"rendered":"\n<p>Le site\u00a0<strong>Sexologie-humaniste.fr<\/strong> est \u00e9dit\u00e9 par Mme Coste<br>Le si\u00e8ge social se situe \u00e0 Beaulieu 63.<\/p>\n\n\n\n<p><br><strong><strong>Sexologie-humaniste.fr<\/strong> <\/strong>est h\u00e9berg\u00e9 par\u00a0OVH dont le si\u00e8ge social se situe<br><strong>2, rue Kellermann, 59100 Roubaix<\/strong>.<br>T\u00e9l : 1007<\/p>\n","protected":false},"excerpt":{"rendered":"<p>Le site\u00a0Sexologie-humaniste.fr est \u00e9dit\u00e9 par Mme CosteLe si\u00e8ge social se situe \u00e0 Beaulieu 63. Sexologie-humaniste.fr est h\u00e9berg\u00e9 par\u00a0OVH dont le si\u00e8ge social se situe2, rue Kellermann, 59100 Roubaix.T\u00e9l : 1007<\/p>\n","protected":false},"author":1,"featured_media":0,"parent":0,"menu_order":0,"comment_status":"closed","ping_status":"closed","template":"","meta":{"footnotes":""},"class_list":["post-127","page","type-page","status-publish"],"yoast_head":"<!-- This site is optimized with the Yoast SEO plugin v22.9 - https:\/\/yoast.com\/wordpress\/plugins\/seo\/ -->\n<title>Mentions l\u00e9gales - Sexologie Humaniste<\/title>\n<meta name=\"robots\" content=\"index, follow, max-snippet:-1, max-image-preview:large, max-video-preview:-1\" \/>\n<link rel=\"canonical\" href=\"https:\/\/sexologie-humaniste.fr\/?page_id=127\" \/>\n<meta property=\"og:locale\" content=\"fr_FR\" \/>\n<meta property=\"og:type\" content=\"article\" \/>\n<meta property=\"og:title\" content=\"Mentions l\u00e9gales - Sexologie Humaniste\" \/>\n<meta property=\"og:description\" content=\"Le site\u00a0Sexologie-humaniste.fr est \u00e9dit\u00e9 par Mme CosteLe si\u00e8ge social se situe \u00e0 Beaulieu 63. Sexologie-humaniste.fr est h\u00e9berg\u00e9 par\u00a0OVH dont le si\u00e8ge social se situe2, rue Kellermann, 59100 Roubaix.T\u00e9l : 1007\" \/>\n<meta property=\"og:url\" content=\"https:\/\/sexologie-humaniste.fr\/?page_id=127\" \/>\n<meta property=\"og:site_name\" content=\"Sexologie Humaniste\" \/>\n<meta property=\"article:modified_time\" content=\"2023-06-06T13:50:13+00:00\" \/>\n<meta name=\"twitter:card\" content=\"summary_large_image\" \/>\n<script type=\"application\/ld+json\" class=\"yoast-schema-graph\">{\"@context\":\"https:\/\/schema.org\",\"@graph\":[{\"@type\":\"WebPage\",\"@id\":\"https:\/\/sexologie-humaniste.fr\/?page_id=127\",\"url\":\"https:\/\/sexologie-humaniste.fr\/?page_id=127\",\"name\":\"Mentions l\u00e9gales - Sexologie Humaniste\",\"isPartOf\":{\"@id\":\"https:\/\/sexologie-humaniste.fr\/#website\"},\"datePublished\":\"2023-06-06T13:50:00+00:00\",\"dateModified\":\"2023-06-06T13:50:13+00:00\",\"breadcrumb\":{\"@id\":\"https:\/\/sexologie-humaniste.fr\/?page_id=127#breadcrumb\"},\"inLanguage\":\"fr-FR\",\"potentialAction\":[{\"@type\":\"ReadAction\",\"target\":[\"https:\/\/sexologie-humaniste.fr\/?page_id=127\"]}]},{\"@type\":\"BreadcrumbList\",\"@id\":\"https:\/\/sexologie-humaniste.fr\/?page_id=127#breadcrumb\",\"itemListElement\":[{\"@type\":\"ListItem\",\"position\":1,\"name\":\"Accueil\",\"item\":\"https:\/\/sexologie-humaniste.fr\/\"},{\"@type\":\"ListItem\",\"position\":2,\"name\":\"Mentions l\u00e9gales\"}]},{\"@type\":\"WebSite\",\"@id\":\"https:\/\/sexologie-humaniste.fr\/#website\",\"url\":\"https:\/\/sexologie-humaniste.fr\/\",\"name\":\"Sexologie Humaniste\",\"description\":\"A l&#039;origine de soi\",\"publisher\":{\"@id\":\"https:\/\/sexologie-humaniste.fr\/#organization\"},\"potentialAction\":[{\"@type\":\"SearchAction\",\"target\":{\"@type\":\"EntryPoint\",\"urlTemplate\":\"https:\/\/sexologie-humaniste.fr\/?s={search_term_string}\"},\"query-input\":\"required name=search_term_string\"}],\"inLanguage\":\"fr-FR\"},{\"@type\":\"Organization\",\"@id\":\"https:\/\/sexologie-humaniste.fr\/#organization\",\"name\":\"Sexologie humaniste 63\",\"url\":\"https:\/\/sexologie-humaniste.fr\/\",\"logo\":{\"@type\":\"ImageObject\",\"inLanguage\":\"fr-FR\",\"@id\":\"https:\/\/sexologie-humaniste.fr\/#\/schema\/logo\/image\/\",\"url\":\"https:\/\/sexologie-humaniste.fr\/wp-content\/uploads\/2023\/06\/logo-s-coste.png\",\"contentUrl\":\"https:\/\/sexologie-humaniste.fr\/wp-content\/uploads\/2023\/06\/logo-s-coste.png\",\"width\":265,\"height\":671,\"caption\":\"Sexologie humaniste 63\"},\"image\":{\"@id\":\"https:\/\/sexologie-humaniste.fr\/#\/schema\/logo\/image\/\"}}]}<\/script>\n<!-- \/ Yoast SEO plugin. -->","yoast_head_json":{"title":"Mentions l\u00e9gales - Sexologie Humaniste","robots":{"index":"index","follow":"follow","max-snippet":"max-snippet:-1","max-image-preview":"max-image-preview:large","max-video-preview":"max-video-preview:-1"},"canonical":"https:\/\/sexologie-humaniste.fr\/?page_id=127","og_locale":"fr_FR","og_type":"article","og_title":"Mentions l\u00e9gales - Sexologie Humaniste","og_description":"Le site\u00a0Sexologie-humaniste.fr est \u00e9dit\u00e9 par Mme CosteLe si\u00e8ge social se situe \u00e0 Beaulieu 63. Sexologie-humaniste.fr est h\u00e9berg\u00e9 par\u00a0OVH dont le si\u00e8ge social se situe2, rue Kellermann, 59100 Roubaix.T\u00e9l : 1007","og_url":"https:\/\/sexologie-humaniste.fr\/?page_id=127","og_site_name":"Sexologie Humaniste","article_modified_time":"2023-06-06T13:50:13+00:00","twitter_card":"summary_large_image","schema":{"@context":"https:\/\/schema.org","@graph":[{"@type":"WebPage","@id":"https:\/\/sexologie-humaniste.fr\/?page_id=127","url":"https:\/\/sexologie-humaniste.fr\/?page_id=127","name":"Mentions l\u00e9gales - Sexologie Humaniste","isPartOf":{"@id":"https:\/\/sexologie-humaniste.fr\/#website"},"datePublished":"2023-06-06T13:50:00+00:00","dateModified":"2023-06-06T13:50:13+00:00","breadcrumb":{"@id":"https:\/\/sexologie-humaniste.fr\/?page_id=127#breadcrumb"},"inLanguage":"fr-FR","potentialAction":[{"@type":"ReadAction","target":["https:\/\/sexologie-humaniste.fr\/?page_id=127"]}]},{"@type":"BreadcrumbList","@id":"https:\/\/sexologie-humaniste.fr\/?page_id=127#breadcrumb","itemListElement":[{"@type":"ListItem","position":1,"name":"Accueil","item":"https:\/\/sexologie-humaniste.fr\/"},{"@type":"ListItem","position":2,"name":"Mentions l\u00e9gales"}]},{"@type":"WebSite","@id":"https:\/\/sexologie-humaniste.fr\/#website","url":"https:\/\/sexologie-humaniste.fr\/","name":"Sexologie Humaniste","description":"A l&#039;origine de soi","publisher":{"@id":"https:\/\/sexologie-humaniste.fr\/#organization"},"potentialAction":[{"@type":"SearchAction","target":{"@type":"EntryPoint","urlTemplate":"https:\/\/sexologie-humaniste.fr\/?s={search_term_string}"},"query-input":"required name=search_term_string"}],"inLanguage":"fr-FR"},{"@type":"Organization","@id":"https:\/\/sexologie-humaniste.fr\/#organization","name":"Sexologie humaniste 63","url":"https:\/\/sexologie-humaniste.fr\/","logo":{"@type":"ImageObject","inLanguage":"fr-FR","@id":"https:\/\/sexologie-humaniste.fr\/#\/schema\/logo\/image\/","url":"https:\/\/sexologie-humaniste.fr\/wp-content\/uploads\/2023\/06\/logo-s-coste.png","contentUrl":"https:\/\/sexologie-humaniste.fr\/wp-content\/uploads\/2023\/06\/logo-s-coste.png","width":265,"height":671,"caption":"Sexologie humaniste 63"},"image":{"@id":"https:\/\/sexologie-humaniste.fr\/#\/schema\/logo\/image\/"}}]}},"_links":{"self":[{"href":"https:\/\/sexologie-humaniste.fr\/index.php?rest_route=\/wp\/v2\/pages\/127","targetHints":{"allow":["GET"]}}],"collection":[{"href":"https:\/\/sexologie-humaniste.fr\/index.php?rest_route=\/wp\/v2\/pages"}],"about":[{"href":"https:\/\/sexologie-humaniste.fr\/index.php?rest_route=\/wp\/v2\/types\/page"}],"author":[{"embeddable":true,"href":"https:\/\/sexologie-humaniste.fr\/index.php?rest_route=\/wp\/v2\/users\/1"}],"replies":[{"embeddable":true,"href":"https:\/\/sexologie-humaniste.fr\/index.php?rest_route=%2Fwp%2Fv2%2Fcomments&post=127"}],"version-history":[{"count":2,"href":"https:\/\/sexologie-humaniste.fr\/index.php?rest_route=\/wp\/v2\/pages\/127\/revisions"}],"predecessor-version":[{"id":129,"href":"https:\/\/sexologie-humaniste.fr\/index.php?rest_route=\/wp\/v2\/pages\/127\/revisions\/129"}],"wp:attachment":[{"href":"https:\/\/sexologie-humaniste.fr\/index.php?rest_route=%2Fwp%2Fv2%2Fmedia&parent=127"}],"curies":[{"name":"wp","href":"https:\/\/api.w.org\/{rel}","templated":true}]}}