{"id":19,"date":"2023-02-16T12:31:24","date_gmt":"2023-02-16T11:31:24","guid":{"rendered":"http:\/\/sexologie-humaniste.fr\/?page_id=19"},"modified":"2023-10-23T10:38:47","modified_gmt":"2023-10-23T08:38:47","slug":"sexologie-humaniste-2","status":"publish","type":"page","link":"https:\/\/sexologie-humaniste.fr\/","title":{"rendered":"Sexologie Humaniste"},"content":{"rendered":"\n<div class=\"wp-block-cover alignfull has-parallax\"><span aria-hidden=\"true\" class=\"wp-block-cover__background has-background-dim-0 has-background-dim\"><\/span><div role=\"img\" class=\"wp-block-cover__image-background wp-image-11 has-parallax\" style=\"background-position:50% 50%;background-image:url(http:\/\/sexologie-humaniste.fr\/wp-content\/uploads\/2023\/02\/sexologie-humaniste.jpg)\"><\/div><div class=\"wp-block-cover__inner-container is-layout-flow wp-block-cover-is-layout-flow\">\n<div style=\"height:144px\" aria-hidden=\"true\" class=\"wp-block-spacer\"><\/div>\n\n\n\n<p class=\"has-text-align-center has-base-3-color has-text-color has-background\" style=\"background-color:#ffffff30;font-size:37px\"><em>Transcender votre sexualit\u00e9 au travers de l\u2019\u00e9rotisme<\/em><\/p>\n<\/div><\/div>\n\n\n\n<div style=\"height:32px\" aria-hidden=\"true\" class=\"wp-block-spacer\"><\/div>\n\n\n\n<h2 class=\"wp-block-heading has-text-align-center\" id=\"sexologue\">Qu\u2019est-ce qu\u2019un sexologue&nbsp;?<\/h2>\n\n\n\n<p>\u2003Le sexologue est un professionnel de la sant\u00e9 dipl\u00f4m\u00e9 en Sexologie qui a une expertise dans le domaine de la sexualit\u00e9 humaine. <br>Son r\u00f4le est d&rsquo;\u00e9valuer, de diagnostiquer et de traiter les probl\u00e8mes sexuels, de fournir des conseils et des informations sur la sexualit\u00e9, et d&rsquo;accompagner les individus et les couples dans leur vie sexuelle.<\/p>\n\n\n\n<p>\u2003Pour ce faire, il utilise ses comp\u00e9tences en sexologie, discipline pluridisciplinaire qui \u00e9tudie la sexualit\u00e9 humaine sous ses diff\u00e9rents aspects, notamment biologiques, psychologiques, socioculturels et relationnels. Elle vise \u00e0 comprendre les comportements sexuels, les orientations sexuelles, les dysfonctions sexuelles, les probl\u00e8mes relationnels li\u00e9s \u00e0 la sexualit\u00e9, et \u00e0 promouvoir la sant\u00e9 sexuelle.<\/p>\n\n\n\n<h2 class=\"wp-block-heading has-text-align-center\" id=\"pour-qui\">&nbsp;A qui s\u2019adresse la Sexologie&nbsp;?<\/h2>\n\n\n\n<figure class=\"wp-block-gallery has-nested-images columns-5 is-cropped wp-block-gallery-1 is-layout-flex wp-block-gallery-is-layout-flex\">\n<figure class=\"wp-block-image size-thumbnail is-style-rounded\"><img loading=\"lazy\" decoding=\"async\" width=\"150\" height=\"150\" data-id=\"12\" src=\"https:\/\/sexologie-humaniste.fr\/wp-content\/uploads\/2023\/02\/sexologie-mastectomie-150x150.jpg\" alt=\"\" class=\"wp-image-12\"\/><\/figure>\n\n\n\n<figure class=\"wp-block-image size-thumbnail is-style-rounded\"><img loading=\"lazy\" decoding=\"async\" width=\"150\" height=\"150\" data-id=\"9\" src=\"https:\/\/sexologie-humaniste.fr\/wp-content\/uploads\/2023\/02\/sexologie-couple-gay-150x150.jpg\" alt=\"\" class=\"wp-image-9\" srcset=\"https:\/\/sexologie-humaniste.fr\/wp-content\/uploads\/2023\/02\/sexologie-couple-gay-150x150.jpg 150w, https:\/\/sexologie-humaniste.fr\/wp-content\/uploads\/2023\/02\/sexologie-couple-gay-300x300.jpg 300w, https:\/\/sexologie-humaniste.fr\/wp-content\/uploads\/2023\/02\/sexologie-couple-gay-1024x1024.jpg 1024w, https:\/\/sexologie-humaniste.fr\/wp-content\/uploads\/2023\/02\/sexologie-couple-gay-768x767.jpg 768w, https:\/\/sexologie-humaniste.fr\/wp-content\/uploads\/2023\/02\/sexologie-couple-gay-1536x1536.jpg 1536w, https:\/\/sexologie-humaniste.fr\/wp-content\/uploads\/2023\/02\/sexologie-couple-gay-2048x2046.jpg 2048w\" sizes=\"auto, (max-width: 150px) 100vw, 150px\" \/><\/figure>\n\n\n\n<figure class=\"wp-block-image size-thumbnail is-style-rounded\"><img loading=\"lazy\" decoding=\"async\" width=\"150\" height=\"150\" data-id=\"7\" src=\"https:\/\/sexologie-humaniste.fr\/wp-content\/uploads\/2023\/02\/couple-sexologie-senior-150x150.jpg\" alt=\"\" class=\"wp-image-7\"\/><\/figure>\n\n\n\n<figure class=\"wp-block-image size-thumbnail is-style-rounded\"><img loading=\"lazy\" decoding=\"async\" width=\"150\" height=\"150\" data-id=\"15\" src=\"https:\/\/sexologie-humaniste.fr\/wp-content\/uploads\/2023\/02\/couple-transgenre-sexologue-150x150.jpg\" alt=\"\" class=\"wp-image-15\"\/><\/figure>\n\n\n\n<figure class=\"wp-block-image size-thumbnail is-style-rounded\"><img loading=\"lazy\" decoding=\"async\" width=\"150\" height=\"150\" data-id=\"14\" src=\"https:\/\/sexologie-humaniste.fr\/wp-content\/uploads\/2023\/02\/sexologie-trouble-erection-150x150.jpg\" alt=\"\" class=\"wp-image-14\"\/><\/figure>\n<\/figure>\n\n\n\n<div style=\"height:12px\" aria-hidden=\"true\" class=\"wp-block-spacer\"><\/div>\n\n\n\n<p>\u2003La Sexologie s&rsquo;adresse \u00e0 des personnes de tous les \u00e2ges, orientations sexuelles et identit\u00e9s de genre. Elle peut \u00eatre b\u00e9n\u00e9fique pour les c\u00e9libataires, les couples mari\u00e9s, les partenaires de m\u00eame sexe, les personnes ayant des probl\u00e8mes de sant\u00e9 physique ou mentale, ainsi que les personnes ayant subi des traumatismes sexuels.<\/p>\n\n\n\n<div style=\"height:20px\" aria-hidden=\"true\" class=\"wp-block-spacer\"><\/div>\n\n\n\n<h2 class=\"wp-block-heading has-text-align-center\" id=\"qui-suis-je\">Qui suis-je ? Je suis Sexologue , pas influenceuse.<\/h2>\n\n\n\n<div class=\"wp-block-query is-layout-flow wp-block-query-is-layout-flow\">\n<div class=\"wp-block-columns is-layout-flex wp-container-core-columns-is-layout-9d6595d7 wp-block-columns-is-layout-flex\">\n<div class=\"wp-block-column is-layout-flow wp-block-column-is-layout-flow\" style=\"flex-basis:70%\">\n<p>\u2003Depuis pr\u00e8s de 20 ans dans la relation d\u2019aide.<br>\u2003J\u2019ai \u00e9tudi\u00e9 pendant deux ans la Sexologie au c\u00f4t\u00e9 du Docteur Jacques Waynberg.<br>    Titulaire d\u2019un Dipl\u00f4me Universitaire en Sexologie, valid\u00e9 par un M\u00e9moire sur le th\u00e8me \u00ab Danse et Fonction Erotique \u00bb<br>\u2003Form\u00e9e \u00e0 l\u2019Hypnose \u00e0 l\u2019IHEC de Bordeaux par le Docteur Madelrieux .<br>\u2003Je revendique une Sexologie \u00ab\u00a0 humaniste\u2019\u2019, qui ne se limite pas \u00e0 une expression de la sexualit\u00e9\u00ab\u00a0 g\u00e9nitale \u2018\u2019, mais qui consid\u00e8re la personne dans son int\u00e9gralit\u00e9 physique, mentale, \u00e9motionnelle, spirituelle. Cette pratique sexologique prend \u00e9galement en compte les facteurs environnementaux, sociologique, religion, et politique) ainsi que ceux relatifs \u00e0 l\u2019\u00e9pig\u00e9n\u00e9tique (\u00e9ducation, syst\u00e8mes de croyance, m\u00e9moire cellulaire etc&#8230;)<br>\u2003Mon credo :\u00ab Transcender la simple sexualit\u00e9 pour l\u2019ouvrir \u00e0 l\u2019 Emotion Erotique \u00bb.<br>\u2003Je vous re\u00e7ois \u00e0 mon cabinet pr\u00e8s d&rsquo;Issoire dans le Puy de D\u00f4me.<\/p>\n<\/div>\n\n\n\n<div class=\"wp-block-column is-layout-flow wp-block-column-is-layout-flow\" style=\"flex-basis:20%\">\n<figure class=\"wp-block-image size-full is-resized is-style-rounded\"><img loading=\"lazy\" decoding=\"async\" width=\"423\" height=\"597\" src=\"http:\/\/sexologie-humaniste.fr\/wp-content\/uploads\/2023\/06\/sexologue-63.jpg\" alt=\"sexologue 63\" class=\"wp-image-93\" style=\"width:223px;height:315px\" srcset=\"https:\/\/sexologie-humaniste.fr\/wp-content\/uploads\/2023\/06\/sexologue-63.jpg 423w, https:\/\/sexologie-humaniste.fr\/wp-content\/uploads\/2023\/06\/sexologue-63-213x300.jpg 213w\" sizes=\"auto, (max-width: 423px) 100vw, 423px\" \/><\/figure>\n<\/div>\n<\/div>\n<\/div>\n\n\n\n<h2 class=\"wp-block-heading has-text-align-center\" id=\"cequejepropose\">Ce que je vous propose<\/h2>\n\n\n\n<p class=\"has-text-align-left\">\u2003Je vous propose de vous apporter mon expertise dans divers domaines en lien avec la sexualit\u00e9. &nbsp;En s\u00e9ances individuelles ou en couple, \u00e0 travers une \u00e9coute attentive et active, respectueuse et sans jugement mon objectif est de vous aider \u00e0 am\u00e9liorer votre compr\u00e9hension de votre sexualit\u00e9, votre bien-\u00eatre et votre satisfaction sexuelle en favorisant un \u00e9panouissement, sain et \u00e9quilibr\u00e9. Que ce soit par le biais de th\u00e9rapies individuelles ou de couple, de conseils et d&rsquo;informations.<\/p>\n\n\n\n<p class=\"has-text-align-left\">\u2003Mon objectif est de vous aider \u00e0 r\u00e9soudre vos probl\u00e8mes sexuels et \u00e0 am\u00e9liorer votre vie sexuelle. Mon expertise s\u2019adresse \u00e0 toute personne confront\u00e9e \u00e0 des difficult\u00e9s ou \u00e0 des dysfonctions sexuelles qui ont un impact n\u00e9gatif sur leur bien-\u00eatre psychologique, \u00e9motionnel ou relationnel.<\/p>\n\n\n\n<h2 class=\"wp-block-heading has-text-align-center\" id=\"tarifs\">Tarifs<\/h2>\n\n\n\n<div class=\"wp-block-media-text alignwide is-stacked-on-mobile\" style=\"grid-template-columns:20% auto\"><figure class=\"wp-block-media-text__media\"><img loading=\"lazy\" decoding=\"async\" width=\"1024\" height=\"819\" src=\"http:\/\/sexologie-humaniste.fr\/wp-content\/uploads\/2023\/02\/sexologie-orchidee-1024x819.jpg\" alt=\"\" class=\"wp-image-13 size-full\" srcset=\"https:\/\/sexologie-humaniste.fr\/wp-content\/uploads\/2023\/02\/sexologie-orchidee-1024x819.jpg 1024w, https:\/\/sexologie-humaniste.fr\/wp-content\/uploads\/2023\/02\/sexologie-orchidee-300x240.jpg 300w, https:\/\/sexologie-humaniste.fr\/wp-content\/uploads\/2023\/02\/sexologie-orchidee-768x614.jpg 768w, https:\/\/sexologie-humaniste.fr\/wp-content\/uploads\/2023\/02\/sexologie-orchidee-1536x1229.jpg 1536w, https:\/\/sexologie-humaniste.fr\/wp-content\/uploads\/2023\/02\/sexologie-orchidee.jpg 1920w\" sizes=\"auto, (max-width: 1024px) 100vw, 1024px\" \/><\/figure><div class=\"wp-block-media-text__content\">\n<p class=\"has-text-align-left\"><br>S\u00e9ance individuelle 1 heure : 60\u20ac<\/p>\n\n\n\n<p class=\"has-text-align-left\">S\u00e9ance couple 1 heure : 90\u20ac<br><br>En pr\u00e9sentiel r\u00e9gion Issoire (Puy de D\u00f4me) ou en visio.<\/p>\n<\/div><\/div>\n\n\n\n<h2 class=\"wp-block-heading has-text-align-center\" id=\"contact\">Contact<\/h2>\n\n\n\n<h2 class=\"wp-block-heading has-text-align-center\" style=\"font-size:25px;font-style:normal;font-weight:600\"><strong>Aucun rendez-vous n&rsquo;est envisageable sans \u00e9change t\u00e9l\u00e9phonique pr\u00e9alable.<\/strong><\/h2>\n\n\n\n<h2 class=\"wp-block-heading has-text-align-center\"><strong>T\u00e9l : 07 84 73 54 20<\/strong><\/h2>\n\n\n\n\n\n<div style=\"height:100px\" aria-hidden=\"true\" class=\"wp-block-spacer\"><\/div>\n\n\n\n<div style=\"height:100px\" aria-hidden=\"true\" class=\"wp-block-spacer\"><\/div>\n","protected":false},"excerpt":{"rendered":"<p>Qu\u2019est-ce qu\u2019un sexologue&nbsp;? \u2003Le sexologue est un professionnel de la sant\u00e9 dipl\u00f4m\u00e9 en Sexologie qui a une expertise dans le domaine de la sexualit\u00e9 humaine. Son r\u00f4le est d&rsquo;\u00e9valuer, de diagnostiquer et de traiter les probl\u00e8mes sexuels, de fournir des conseils et des informations sur la sexualit\u00e9, et d&rsquo;accompagner les individus et les couples dans &#8230; <a title=\"Sexologie Humaniste\" class=\"read-more\" href=\"https:\/\/sexologie-humaniste.fr\/\" aria-label=\"Read more about Sexologie Humaniste\">Lire la suite<\/a><\/p>\n","protected":false},"author":1,"featured_media":0,"parent":0,"menu_order":0,"comment_status":"closed","ping_status":"closed","template":"","meta":{"footnotes":""},"class_list":["post-19","page","type-page","status-publish"],"yoast_head":"<!-- This site is optimized with the Yoast SEO plugin v22.9 - https:\/\/yoast.com\/wordpress\/plugins\/seo\/ -->\n<title>Sexologue Puy de D\u00f4me, sexologie Issoire 63 - Sexologie Humaniste<\/title>\n<meta name=\"description\" content=\"Sexologie \u00e0 Issoire 63, prenez contact avec un professionnel sexologue dans le Puy de D\u00f4me. Cabinet \u00e0 Issoire dans le Puy de D\u00f4me.\" \/>\n<meta name=\"robots\" content=\"index, follow, max-snippet:-1, max-image-preview:large, max-video-preview:-1\" \/>\n<link rel=\"canonical\" href=\"https:\/\/sexologie-humaniste.fr\/\" \/>\n<meta property=\"og:locale\" content=\"fr_FR\" \/>\n<meta property=\"og:type\" content=\"article\" \/>\n<meta property=\"og:title\" content=\"Sexologue Puy de D\u00f4me, sexologie Issoire 63 - Sexologie Humaniste\" \/>\n<meta property=\"og:description\" content=\"Sexologie \u00e0 Issoire 63, prenez contact avec un professionnel sexologue dans le Puy de D\u00f4me. Cabinet \u00e0 Issoire dans le Puy de D\u00f4me.\" \/>\n<meta property=\"og:url\" content=\"https:\/\/sexologie-humaniste.fr\/\" \/>\n<meta property=\"og:site_name\" content=\"Sexologie Humaniste\" \/>\n<meta property=\"article:modified_time\" content=\"2023-10-23T08:38:47+00:00\" \/>\n<meta property=\"og:image\" content=\"https:\/\/sexologie-humaniste.fr\/wp-content\/uploads\/2023\/02\/sexologie-mastectomie-150x150.jpg\" \/>\n<meta name=\"twitter:card\" content=\"summary_large_image\" \/>\n<meta name=\"twitter:label1\" content=\"Dur\u00e9e de lecture estim\u00e9e\" \/>\n\t<meta name=\"twitter:data1\" content=\"4 minutes\" \/>\n<script type=\"application\/ld+json\" class=\"yoast-schema-graph\">{\"@context\":\"https:\/\/schema.org\",\"@graph\":[{\"@type\":\"WebPage\",\"@id\":\"https:\/\/sexologie-humaniste.fr\/\",\"url\":\"https:\/\/sexologie-humaniste.fr\/\",\"name\":\"Sexologue Puy de D\u00f4me, sexologie Issoire 63 - Sexologie Humaniste\",\"isPartOf\":{\"@id\":\"https:\/\/sexologie-humaniste.fr\/#website\"},\"primaryImageOfPage\":{\"@id\":\"https:\/\/sexologie-humaniste.fr\/#primaryimage\"},\"image\":{\"@id\":\"https:\/\/sexologie-humaniste.fr\/#primaryimage\"},\"thumbnailUrl\":\"https:\/\/sexologie-humaniste.fr\/wp-content\/uploads\/2023\/02\/sexologie-mastectomie-150x150.jpg\",\"datePublished\":\"2023-02-16T11:31:24+00:00\",\"dateModified\":\"2023-10-23T08:38:47+00:00\",\"description\":\"Sexologie \u00e0 Issoire 63, prenez contact avec un professionnel sexologue dans le Puy de D\u00f4me. Cabinet \u00e0 Issoire dans le Puy de D\u00f4me.\",\"breadcrumb\":{\"@id\":\"https:\/\/sexologie-humaniste.fr\/#breadcrumb\"},\"inLanguage\":\"fr-FR\",\"potentialAction\":[{\"@type\":\"ReadAction\",\"target\":[\"https:\/\/sexologie-humaniste.fr\/\"]}]},{\"@type\":\"ImageObject\",\"inLanguage\":\"fr-FR\",\"@id\":\"https:\/\/sexologie-humaniste.fr\/#primaryimage\",\"url\":\"https:\/\/sexologie-humaniste.fr\/wp-content\/uploads\/2023\/02\/sexologie-mastectomie-150x150.jpg\",\"contentUrl\":\"https:\/\/sexologie-humaniste.fr\/wp-content\/uploads\/2023\/02\/sexologie-mastectomie-150x150.jpg\"},{\"@type\":\"BreadcrumbList\",\"@id\":\"https:\/\/sexologie-humaniste.fr\/#breadcrumb\",\"itemListElement\":[{\"@type\":\"ListItem\",\"position\":1,\"name\":\"Accueil\",\"item\":\"https:\/\/sexologie-humaniste.fr\/\"},{\"@type\":\"ListItem\",\"position\":2,\"name\":\"Sexologie Humaniste\"}]},{\"@type\":\"WebSite\",\"@id\":\"https:\/\/sexologie-humaniste.fr\/#website\",\"url\":\"https:\/\/sexologie-humaniste.fr\/\",\"name\":\"Sexologie Humaniste\",\"description\":\"A l&#039;origine de soi\",\"publisher\":{\"@id\":\"https:\/\/sexologie-humaniste.fr\/#organization\"},\"potentialAction\":[{\"@type\":\"SearchAction\",\"target\":{\"@type\":\"EntryPoint\",\"urlTemplate\":\"https:\/\/sexologie-humaniste.fr\/?s={search_term_string}\"},\"query-input\":\"required name=search_term_string\"}],\"inLanguage\":\"fr-FR\"},{\"@type\":\"Organization\",\"@id\":\"https:\/\/sexologie-humaniste.fr\/#organization\",\"name\":\"Sexologie humaniste 63\",\"url\":\"https:\/\/sexologie-humaniste.fr\/\",\"logo\":{\"@type\":\"ImageObject\",\"inLanguage\":\"fr-FR\",\"@id\":\"https:\/\/sexologie-humaniste.fr\/#\/schema\/logo\/image\/\",\"url\":\"https:\/\/sexologie-humaniste.fr\/wp-content\/uploads\/2023\/06\/logo-s-coste.png\",\"contentUrl\":\"https:\/\/sexologie-humaniste.fr\/wp-content\/uploads\/2023\/06\/logo-s-coste.png\",\"width\":265,\"height\":671,\"caption\":\"Sexologie humaniste 63\"},\"image\":{\"@id\":\"https:\/\/sexologie-humaniste.fr\/#\/schema\/logo\/image\/\"}}]}<\/script>\n<!-- \/ Yoast SEO plugin. -->","yoast_head_json":{"title":"Sexologue Puy de D\u00f4me, sexologie Issoire 63 - Sexologie Humaniste","description":"Sexologie \u00e0 Issoire 63, prenez contact avec un professionnel sexologue dans le Puy de D\u00f4me. Cabinet \u00e0 Issoire dans le Puy de D\u00f4me.","robots":{"index":"index","follow":"follow","max-snippet":"max-snippet:-1","max-image-preview":"max-image-preview:large","max-video-preview":"max-video-preview:-1"},"canonical":"https:\/\/sexologie-humaniste.fr\/","og_locale":"fr_FR","og_type":"article","og_title":"Sexologue Puy de D\u00f4me, sexologie Issoire 63 - Sexologie Humaniste","og_description":"Sexologie \u00e0 Issoire 63, prenez contact avec un professionnel sexologue dans le Puy de D\u00f4me. Cabinet \u00e0 Issoire dans le Puy de D\u00f4me.","og_url":"https:\/\/sexologie-humaniste.fr\/","og_site_name":"Sexologie Humaniste","article_modified_time":"2023-10-23T08:38:47+00:00","og_image":[{"url":"https:\/\/sexologie-humaniste.fr\/wp-content\/uploads\/2023\/02\/sexologie-mastectomie-150x150.jpg"}],"twitter_card":"summary_large_image","twitter_misc":{"Dur\u00e9e de lecture estim\u00e9e":"4 minutes"},"schema":{"@context":"https:\/\/schema.org","@graph":[{"@type":"WebPage","@id":"https:\/\/sexologie-humaniste.fr\/","url":"https:\/\/sexologie-humaniste.fr\/","name":"Sexologue Puy de D\u00f4me, sexologie Issoire 63 - Sexologie Humaniste","isPartOf":{"@id":"https:\/\/sexologie-humaniste.fr\/#website"},"primaryImageOfPage":{"@id":"https:\/\/sexologie-humaniste.fr\/#primaryimage"},"image":{"@id":"https:\/\/sexologie-humaniste.fr\/#primaryimage"},"thumbnailUrl":"https:\/\/sexologie-humaniste.fr\/wp-content\/uploads\/2023\/02\/sexologie-mastectomie-150x150.jpg","datePublished":"2023-02-16T11:31:24+00:00","dateModified":"2023-10-23T08:38:47+00:00","description":"Sexologie \u00e0 Issoire 63, prenez contact avec un professionnel sexologue dans le Puy de D\u00f4me. Cabinet \u00e0 Issoire dans le Puy de D\u00f4me.","breadcrumb":{"@id":"https:\/\/sexologie-humaniste.fr\/#breadcrumb"},"inLanguage":"fr-FR","potentialAction":[{"@type":"ReadAction","target":["https:\/\/sexologie-humaniste.fr\/"]}]},{"@type":"ImageObject","inLanguage":"fr-FR","@id":"https:\/\/sexologie-humaniste.fr\/#primaryimage","url":"https:\/\/sexologie-humaniste.fr\/wp-content\/uploads\/2023\/02\/sexologie-mastectomie-150x150.jpg","contentUrl":"https:\/\/sexologie-humaniste.fr\/wp-content\/uploads\/2023\/02\/sexologie-mastectomie-150x150.jpg"},{"@type":"BreadcrumbList","@id":"https:\/\/sexologie-humaniste.fr\/#breadcrumb","itemListElement":[{"@type":"ListItem","position":1,"name":"Accueil","item":"https:\/\/sexologie-humaniste.fr\/"},{"@type":"ListItem","position":2,"name":"Sexologie Humaniste"}]},{"@type":"WebSite","@id":"https:\/\/sexologie-humaniste.fr\/#website","url":"https:\/\/sexologie-humaniste.fr\/","name":"Sexologie Humaniste","description":"A l&#039;origine de soi","publisher":{"@id":"https:\/\/sexologie-humaniste.fr\/#organization"},"potentialAction":[{"@type":"SearchAction","target":{"@type":"EntryPoint","urlTemplate":"https:\/\/sexologie-humaniste.fr\/?s={search_term_string}"},"query-input":"required name=search_term_string"}],"inLanguage":"fr-FR"},{"@type":"Organization","@id":"https:\/\/sexologie-humaniste.fr\/#organization","name":"Sexologie humaniste 63","url":"https:\/\/sexologie-humaniste.fr\/","logo":{"@type":"ImageObject","inLanguage":"fr-FR","@id":"https:\/\/sexologie-humaniste.fr\/#\/schema\/logo\/image\/","url":"https:\/\/sexologie-humaniste.fr\/wp-content\/uploads\/2023\/06\/logo-s-coste.png","contentUrl":"https:\/\/sexologie-humaniste.fr\/wp-content\/uploads\/2023\/06\/logo-s-coste.png","width":265,"height":671,"caption":"Sexologie humaniste 63"},"image":{"@id":"https:\/\/sexologie-humaniste.fr\/#\/schema\/logo\/image\/"}}]}},"_links":{"self":[{"href":"https:\/\/sexologie-humaniste.fr\/index.php?rest_route=\/wp\/v2\/pages\/19","targetHints":{"allow":["GET"]}}],"collection":[{"href":"https:\/\/sexologie-humaniste.fr\/index.php?rest_route=\/wp\/v2\/pages"}],"about":[{"href":"https:\/\/sexologie-humaniste.fr\/index.php?rest_route=\/wp\/v2\/types\/page"}],"author":[{"embeddable":true,"href":"https:\/\/sexologie-humaniste.fr\/index.php?rest_route=\/wp\/v2\/users\/1"}],"replies":[{"embeddable":true,"href":"https:\/\/sexologie-humaniste.fr\/index.php?rest_route=%2Fwp%2Fv2%2Fcomments&post=19"}],"version-history":[{"count":48,"href":"https:\/\/sexologie-humaniste.fr\/index.php?rest_route=\/wp\/v2\/pages\/19\/revisions"}],"predecessor-version":[{"id":152,"href":"https:\/\/sexologie-humaniste.fr\/index.php?rest_route=\/wp\/v2\/pages\/19\/revisions\/152"}],"wp:attachment":[{"href":"https:\/\/sexologie-humaniste.fr\/index.php?rest_route=%2Fwp%2Fv2%2Fmedia&parent=19"}],"curies":[{"name":"wp","href":"https:\/\/api.w.org\/{rel}","templated":true}]}}