{"id":3,"date":"2023-02-16T11:15:45","date_gmt":"2023-02-16T10:15:45","guid":{"rendered":"http:\/\/sexologie-humaniste.fr\/?page_id=3"},"modified":"2023-09-03T18:41:00","modified_gmt":"2023-09-03T16:41:00","slug":"politique-de-confidentialite","status":"publish","type":"page","link":"https:\/\/sexologie-humaniste.fr\/?page_id=3","title":{"rendered":"Politique de confidentialit\u00e9"},"content":{"rendered":"\n<h2 class=\"wp-block-heading\">Qui sommes-nous&nbsp;?<\/h2>\n\n\n\n<p>L\u2019adresse de notre site Web est\u00a0: https:\/\/sexologie-humaniste.fr.<\/p>\n\n\n\n<h2 class=\"wp-block-heading\">Utilisation des donn\u00e9es personnelles collect\u00e9es<\/h2>\n\n\n\n<p>Les informations recueillies sur les formulaires du site https:\/\/sexologie-humaniste.fr. sont enregistr\u00e9es dans un fichier informatis\u00e9 par\u00a0<strong>Mme Coste Sandrine dans le but de d\u00e9livrer son service<\/strong>.<\/p>\n\n\n\n<p>Les donn\u00e9es sont conserv\u00e9es pendant&nbsp;<strong>12 mois<\/strong>.<\/p>\n\n\n\n<p>Vous pouvez acc\u00e9der aux donn\u00e9es vous concernant, les rectifier, demander leur effacement ou exercer votre droit \u00e0 la limitation du traitement de vos donn\u00e9es.&nbsp;<\/p>\n\n\n\n<p>Consultez le site&nbsp;cnil.fr pour plus d\u2019informations sur vos droits.<\/p>\n\n\n\n<p>Pour exercer ces droits ou pour toute question sur le traitement de vos donn\u00e9es dans ce dispositif, vous pouvez contacter&nbsp;<strong>la soci\u00e9t\u00e9 <\/strong>via le formulaire disponible \u00e0 la page <a href=\"https:\/\/sexologie-humaniste.fr\/\">Contact<\/a><\/p>\n\n\n\n<p>Si vous estimez, apr\u00e8s nous avoir contact\u00e9s, que vos droits \u00ab&nbsp;Informatique et Libert\u00e9s&nbsp;\u00bb ne sont pas respect\u00e9s, vous pouvez adresser une r\u00e9clamation \u00e0 la CNIL.<\/p>\n\n\n\n<h3 class=\"wp-block-heading\">Cookies<\/h3>\n\n\n\n<p>Notre site web utilise des cookies. Un cookie est un fichier contenant un identifiant (une cha\u00eene de lettres et de chiffres) envoy\u00e9 par un serveur web vers un navigateur web et stock\u00e9 par le navigateur. L\u2019identifiant est alors renvoy\u00e9 au serveur \u00e0 chaque fois que le navigateur demande une page au serveur. Les cookies peuvent \u00eatre \u00ab persistants \u00bb ou \u00ab de session \u00bb : un cookie persistant est stock\u00e9 par le navigateur et reste valide jusqu\u2019\u00e0 sa date d\u2019expiration, \u00e0 moins d\u2019\u00eatre supprim\u00e9 par l\u2019utilisateur avant cette date d\u2019expiration ; quant \u00e0 un cookie de session, il expire \u00e0 la fin de la session utilisateur, lors de la fermeture du navigateur. Les cookies ne contiennent en g\u00e9n\u00e9ral aucune information permettant d\u2019identifier personnellement un utilisateur, mais les informations personnelles que nous stockons \u00e0 votre sujet peuvent \u00eatre li\u00e9es aux informations stock\u00e9es dans les cookies et obtenues par les cookies. Nous n\u2019utilisons que des cookies de session sur notre site web.<\/p>\n\n\n\n<ol class=\"wp-block-list\">\n<li>Les noms des cookies que nous utilisons sur notre site web et les objectifs dans lesquels nous les utilisons sont d\u00e9crits ci-dessous:\n<ol class=\"wp-block-list\" type=\"a\">\n<li>Nous utilisons Google Analytics et Adwords sur notre site web pour : reconna\u00eetre un ordinateur lorsqu\u2019un utilisateur consulte le site web\/ suivre les utilisateurs lors de leur navigation sur le site web\/ activer l\u2019utilisation d\u2019un panier sur le site web\/ am\u00e9liorer l\u2019utilisation d\u2019un site web\/ analyser l\u2019utilisation du site web\/ administrer le site web\/ emp\u00eacher la fraude et am\u00e9liorer la s\u00e9curit\u00e9 du site web;<\/li>\n<\/ol>\n<\/li>\n\n\n\n<li>La plupart des navigateurs vous permettent de refuser ou d\u2019accepter les cookies. Par exemple:\n<ol class=\"wp-block-list\" type=\"a\">\n<li>avec Internet Explorer (version 10), vous pouvez bloquer les cookies en utilisant les param\u00e8tres de remplacement de la gestion des cookies disponibles en cliquant sur \u00abOutils\u00bb, \u00abOptions internet\u00bb, \u00abConfidentialit\u00e9\u00bb puis \u00abAvanc\u00e9\u00bb;<\/li>\n\n\n\n<li>avec Firefox (version 24), vous pouvez bloquer tous les cookies en cliquant sur \u00abOutils\u00bb, \u00abOptions\u00bb, \u00abConfidentialit\u00e9\u00bb puis en s\u00e9lectionnant \u00abUtiliser des param\u00e8tres personnalis\u00e9s pour l\u2019historique\u00bb depuis le menu d\u00e9roulant et en d\u00e9cochant \u00abAccepter les cookies provenant des sites\u00bb; et<\/li>\n\n\n\n<li>avec Chrome (version 29), vous pouvez bloquer tous les cookies en acc\u00e9dant au menu \u00abPersonnaliser et contr\u00f4ler\u00bb puis en cliquant sur \u00abParam\u00e8tres\u00bb, \u00abMontrer les param\u00e8tres avanc\u00e9s\u00bb et \u00abParam\u00e8tres de contenu\u00bb puis en s\u00e9lectionnant \u00abEmp\u00eacher les sites de d\u00e9finir des donn\u00e9es\u00bb dans l\u2019en-t\u00eate \u00abCookies\u00bb.<\/li>\n<\/ol>\n<\/li>\n<\/ol>\n\n\n\n<p>Bloquer tous les cookies aura un impact n\u00e9gatif sur l\u2019utilisation de nombreux sites web. Si vous bloquez les cookies, vous ne pourrez pas utiliser toutes les fonctionnalit\u00e9s de notre site web.<\/p>\n\n\n\n<ol class=\"wp-block-list\" start=\"3\">\n<li>Vous pouvez supprimer les cookies d\u00e9j\u00e0 stock\u00e9s sur votre ordinateur. Exemple:\n<ol class=\"wp-block-list\" type=\"a\">\n<li>avec Internet Explorer (version 10), vous devez supprimer le fichier cookies manuellement (vous pourrez trouver des instructions pour le faire ici&nbsp;<a href=\"http:\/\/support.microsoft.com\/kb\/278835\">http:\/\/support.microsoft.com\/kb\/278835<\/a>);<\/li>\n\n\n\n<li>avec Firefox (version 24), vous pouvez supprimer les cookies en cliquant sur \u00abOutils\u00bb, \u00abOptions\u00bb, et \u00abConfidentialit\u00e9\u00bb, puis en s\u00e9lectionnant \u00abUtiliser des param\u00e8tres personnalis\u00e9s pour l\u2019historique\u00bb et en cliquant sur \u00abMontrer les cookies\u00bb, puis sur \u00abSupprimer tous les cookies\u00bb; et<\/li>\n\n\n\n<li>avec Chrome (version 29), vous pouvez supprimer tous les cookies en acc\u00e9dant au menu \u00abPersonnaliser et contr\u00f4ler\u00bb puis en cliquant sur \u00abParam\u00e8tres\u00bb, \u00ab Montrer les param\u00e8tres avanc\u00e9s \u00bb et \u00abSupprimer les donn\u00e9es de navigation\u00bb puis \u00abSupprimer les cookies et les donn\u00e9es des modules d\u2019autres sites\u00bb avant de cliquer sur \u00abSupprimer les donn\u00e9es de navigation\u00bb.<\/li>\n<\/ol>\n<\/li>\n\n\n\n<li>Supprimer les cookies aura un impact n\u00e9gatif sur l\u2019utilisation de nombreux sites web.<\/li>\n<\/ol>\n","protected":false},"excerpt":{"rendered":"<p>Qui sommes-nous&nbsp;? L\u2019adresse de notre site Web est\u00a0: https:\/\/sexologie-humaniste.fr. Utilisation des donn\u00e9es personnelles collect\u00e9es Les informations recueillies sur les formulaires du site https:\/\/sexologie-humaniste.fr. sont enregistr\u00e9es dans un fichier informatis\u00e9 par\u00a0Mme Coste Sandrine dans le but de d\u00e9livrer son service. Les donn\u00e9es sont conserv\u00e9es pendant&nbsp;12 mois. Vous pouvez acc\u00e9der aux donn\u00e9es vous concernant, les rectifier, demander &#8230; <a title=\"Politique de confidentialit\u00e9\" class=\"read-more\" href=\"https:\/\/sexologie-humaniste.fr\/?page_id=3\" aria-label=\"Read more about Politique de confidentialit\u00e9\">Lire la suite<\/a><\/p>\n","protected":false},"author":1,"featured_media":0,"parent":0,"menu_order":0,"comment_status":"closed","ping_status":"open","template":"","meta":{"footnotes":""},"class_list":["post-3","page","type-page","status-publish"],"yoast_head":"<!-- This site is optimized with the Yoast SEO plugin v22.9 - https:\/\/yoast.com\/wordpress\/plugins\/seo\/ -->\n<title>Politique de confidentialit\u00e9 - Sexologie Humaniste<\/title>\n<meta name=\"robots\" content=\"index, follow, max-snippet:-1, max-image-preview:large, max-video-preview:-1\" \/>\n<link rel=\"canonical\" href=\"https:\/\/sexologie-humaniste.fr\/?page_id=3\" \/>\n<meta property=\"og:locale\" content=\"fr_FR\" \/>\n<meta property=\"og:type\" content=\"article\" \/>\n<meta property=\"og:title\" content=\"Politique de confidentialit\u00e9 - Sexologie Humaniste\" \/>\n<meta property=\"og:description\" content=\"Qui sommes-nous&nbsp;? L\u2019adresse de notre site Web est\u00a0: https:\/\/sexologie-humaniste.fr. Utilisation des donn\u00e9es personnelles collect\u00e9es Les informations recueillies sur les formulaires du site https:\/\/sexologie-humaniste.fr. sont enregistr\u00e9es dans un fichier informatis\u00e9 par\u00a0Mme Coste Sandrine dans le but de d\u00e9livrer son service. Les donn\u00e9es sont conserv\u00e9es pendant&nbsp;12 mois. Vous pouvez acc\u00e9der aux donn\u00e9es vous concernant, les rectifier, demander ... Lire la suite\" \/>\n<meta property=\"og:url\" content=\"https:\/\/sexologie-humaniste.fr\/?page_id=3\" \/>\n<meta property=\"og:site_name\" content=\"Sexologie Humaniste\" \/>\n<meta property=\"article:modified_time\" content=\"2023-09-03T16:41:00+00:00\" \/>\n<meta name=\"twitter:card\" content=\"summary_large_image\" \/>\n<meta name=\"twitter:label1\" content=\"Dur\u00e9e de lecture estim\u00e9e\" \/>\n\t<meta name=\"twitter:data1\" content=\"4 minutes\" \/>\n<script type=\"application\/ld+json\" class=\"yoast-schema-graph\">{\"@context\":\"https:\/\/schema.org\",\"@graph\":[{\"@type\":\"WebPage\",\"@id\":\"https:\/\/sexologie-humaniste.fr\/?page_id=3\",\"url\":\"https:\/\/sexologie-humaniste.fr\/?page_id=3\",\"name\":\"Politique de confidentialit\u00e9 - Sexologie Humaniste\",\"isPartOf\":{\"@id\":\"https:\/\/sexologie-humaniste.fr\/#website\"},\"datePublished\":\"2023-02-16T10:15:45+00:00\",\"dateModified\":\"2023-09-03T16:41:00+00:00\",\"breadcrumb\":{\"@id\":\"https:\/\/sexologie-humaniste.fr\/?page_id=3#breadcrumb\"},\"inLanguage\":\"fr-FR\",\"potentialAction\":[{\"@type\":\"ReadAction\",\"target\":[\"https:\/\/sexologie-humaniste.fr\/?page_id=3\"]}]},{\"@type\":\"BreadcrumbList\",\"@id\":\"https:\/\/sexologie-humaniste.fr\/?page_id=3#breadcrumb\",\"itemListElement\":[{\"@type\":\"ListItem\",\"position\":1,\"name\":\"Accueil\",\"item\":\"https:\/\/sexologie-humaniste.fr\/\"},{\"@type\":\"ListItem\",\"position\":2,\"name\":\"Politique de confidentialit\u00e9\"}]},{\"@type\":\"WebSite\",\"@id\":\"https:\/\/sexologie-humaniste.fr\/#website\",\"url\":\"https:\/\/sexologie-humaniste.fr\/\",\"name\":\"Sexologie Humaniste\",\"description\":\"A l&#039;origine de soi\",\"publisher\":{\"@id\":\"https:\/\/sexologie-humaniste.fr\/#organization\"},\"potentialAction\":[{\"@type\":\"SearchAction\",\"target\":{\"@type\":\"EntryPoint\",\"urlTemplate\":\"https:\/\/sexologie-humaniste.fr\/?s={search_term_string}\"},\"query-input\":\"required name=search_term_string\"}],\"inLanguage\":\"fr-FR\"},{\"@type\":\"Organization\",\"@id\":\"https:\/\/sexologie-humaniste.fr\/#organization\",\"name\":\"Sexologie humaniste 63\",\"url\":\"https:\/\/sexologie-humaniste.fr\/\",\"logo\":{\"@type\":\"ImageObject\",\"inLanguage\":\"fr-FR\",\"@id\":\"https:\/\/sexologie-humaniste.fr\/#\/schema\/logo\/image\/\",\"url\":\"https:\/\/sexologie-humaniste.fr\/wp-content\/uploads\/2023\/06\/logo-s-coste.png\",\"contentUrl\":\"https:\/\/sexologie-humaniste.fr\/wp-content\/uploads\/2023\/06\/logo-s-coste.png\",\"width\":265,\"height\":671,\"caption\":\"Sexologie humaniste 63\"},\"image\":{\"@id\":\"https:\/\/sexologie-humaniste.fr\/#\/schema\/logo\/image\/\"}}]}<\/script>\n<!-- \/ Yoast SEO plugin. -->","yoast_head_json":{"title":"Politique de confidentialit\u00e9 - Sexologie Humaniste","robots":{"index":"index","follow":"follow","max-snippet":"max-snippet:-1","max-image-preview":"max-image-preview:large","max-video-preview":"max-video-preview:-1"},"canonical":"https:\/\/sexologie-humaniste.fr\/?page_id=3","og_locale":"fr_FR","og_type":"article","og_title":"Politique de confidentialit\u00e9 - Sexologie Humaniste","og_description":"Qui sommes-nous&nbsp;? L\u2019adresse de notre site Web est\u00a0: https:\/\/sexologie-humaniste.fr. Utilisation des donn\u00e9es personnelles collect\u00e9es Les informations recueillies sur les formulaires du site https:\/\/sexologie-humaniste.fr. sont enregistr\u00e9es dans un fichier informatis\u00e9 par\u00a0Mme Coste Sandrine dans le but de d\u00e9livrer son service. Les donn\u00e9es sont conserv\u00e9es pendant&nbsp;12 mois. Vous pouvez acc\u00e9der aux donn\u00e9es vous concernant, les rectifier, demander ... Lire la suite","og_url":"https:\/\/sexologie-humaniste.fr\/?page_id=3","og_site_name":"Sexologie Humaniste","article_modified_time":"2023-09-03T16:41:00+00:00","twitter_card":"summary_large_image","twitter_misc":{"Dur\u00e9e de lecture estim\u00e9e":"4 minutes"},"schema":{"@context":"https:\/\/schema.org","@graph":[{"@type":"WebPage","@id":"https:\/\/sexologie-humaniste.fr\/?page_id=3","url":"https:\/\/sexologie-humaniste.fr\/?page_id=3","name":"Politique de confidentialit\u00e9 - Sexologie Humaniste","isPartOf":{"@id":"https:\/\/sexologie-humaniste.fr\/#website"},"datePublished":"2023-02-16T10:15:45+00:00","dateModified":"2023-09-03T16:41:00+00:00","breadcrumb":{"@id":"https:\/\/sexologie-humaniste.fr\/?page_id=3#breadcrumb"},"inLanguage":"fr-FR","potentialAction":[{"@type":"ReadAction","target":["https:\/\/sexologie-humaniste.fr\/?page_id=3"]}]},{"@type":"BreadcrumbList","@id":"https:\/\/sexologie-humaniste.fr\/?page_id=3#breadcrumb","itemListElement":[{"@type":"ListItem","position":1,"name":"Accueil","item":"https:\/\/sexologie-humaniste.fr\/"},{"@type":"ListItem","position":2,"name":"Politique de confidentialit\u00e9"}]},{"@type":"WebSite","@id":"https:\/\/sexologie-humaniste.fr\/#website","url":"https:\/\/sexologie-humaniste.fr\/","name":"Sexologie Humaniste","description":"A l&#039;origine de soi","publisher":{"@id":"https:\/\/sexologie-humaniste.fr\/#organization"},"potentialAction":[{"@type":"SearchAction","target":{"@type":"EntryPoint","urlTemplate":"https:\/\/sexologie-humaniste.fr\/?s={search_term_string}"},"query-input":"required name=search_term_string"}],"inLanguage":"fr-FR"},{"@type":"Organization","@id":"https:\/\/sexologie-humaniste.fr\/#organization","name":"Sexologie humaniste 63","url":"https:\/\/sexologie-humaniste.fr\/","logo":{"@type":"ImageObject","inLanguage":"fr-FR","@id":"https:\/\/sexologie-humaniste.fr\/#\/schema\/logo\/image\/","url":"https:\/\/sexologie-humaniste.fr\/wp-content\/uploads\/2023\/06\/logo-s-coste.png","contentUrl":"https:\/\/sexologie-humaniste.fr\/wp-content\/uploads\/2023\/06\/logo-s-coste.png","width":265,"height":671,"caption":"Sexologie humaniste 63"},"image":{"@id":"https:\/\/sexologie-humaniste.fr\/#\/schema\/logo\/image\/"}}]}},"_links":{"self":[{"href":"https:\/\/sexologie-humaniste.fr\/index.php?rest_route=\/wp\/v2\/pages\/3","targetHints":{"allow":["GET"]}}],"collection":[{"href":"https:\/\/sexologie-humaniste.fr\/index.php?rest_route=\/wp\/v2\/pages"}],"about":[{"href":"https:\/\/sexologie-humaniste.fr\/index.php?rest_route=\/wp\/v2\/types\/page"}],"author":[{"embeddable":true,"href":"https:\/\/sexologie-humaniste.fr\/index.php?rest_route=\/wp\/v2\/users\/1"}],"replies":[{"embeddable":true,"href":"https:\/\/sexologie-humaniste.fr\/index.php?rest_route=%2Fwp%2Fv2%2Fcomments&post=3"}],"version-history":[{"count":2,"href":"https:\/\/sexologie-humaniste.fr\/index.php?rest_route=\/wp\/v2\/pages\/3\/revisions"}],"predecessor-version":[{"id":147,"href":"https:\/\/sexologie-humaniste.fr\/index.php?rest_route=\/wp\/v2\/pages\/3\/revisions\/147"}],"wp:attachment":[{"href":"https:\/\/sexologie-humaniste.fr\/index.php?rest_route=%2Fwp%2Fv2%2Fmedia&parent=3"}],"curies":[{"name":"wp","href":"https:\/\/api.w.org\/{rel}","templated":true}]}}